{"id":620,"date":"2024-11-03T19:08:02","date_gmt":"2024-11-03T19:08:02","guid":{"rendered":"https:\/\/demosites.royal-elementor-addons.com\/fashion-v4\/?page_id=620"},"modified":"2025-11-06T19:41:47","modified_gmt":"2025-11-06T19:41:47","slug":"karsilastirma","status":"publish","type":"page","link":"https:\/\/onelinagiyim.com\/?page_id=620","title":{"rendered":"Kar\u015f\u0131la\u015ft\u0131rma"},"content":{"rendered":"\t\t<div data-elementor-type=\"wp-page\" data-elementor-id=\"620\" class=\"elementor elementor-620\">\n\t\t\t\t<div class=\"elementor-element elementor-element-f78c63a e-flex e-con-boxed wpr-particle-no wpr-jarallax-no wpr-parallax-no wpr-sticky-section-no wpr-equal-height-no e-con e-parent\" data-id=\"f78c63a\" data-element_type=\"container\" data-e-type=\"container\">\n\t\t\t\t\t<div class=\"e-con-inner\">\n\t\t\t\t<div class=\"elementor-element elementor-element-253b373 elementor-widget elementor-widget-heading\" data-id=\"253b373\" data-element_type=\"widget\" data-e-type=\"widget\" data-widget_type=\"heading.default\">\n\t\t\t\t\t<h2 class=\"elementor-heading-title elementor-size-default\">Kar\u015f\u0131la\u015ft\u0131rma<\/h2>\t\t\t\t<\/div>\n\t\t\t\t<div class=\"elementor-element elementor-element-dc8172e elementor-widget elementor-widget-wpr-compare-pro\" data-id=\"dc8172e\" data-element_type=\"widget\" data-e-type=\"widget\" data-widget_type=\"wpr-compare-pro.default\">\n\t\t\t\t\t<div class=\"wpr-compare-table-wrap\" remove_from_compare_text=\"Kar\u015f\u0131la\u015ft\u0131rmadan kald\u0131r\" compare_empty_text=\"Kar\u015f\u0131la\u015ft\u0131r\u0131lacak \u00fcr\u00fcn bulunamad\u0131\" element_addcart_simple_txt=\"Sepete Ekle\" element_addcart_grouped_txt=\"Se\u00e7enekler\" element_addcart_variable_txt=\"\u00dcr\u00fcnleri G\u00f6ster\"><span class=\"wpr-compare-placeholder\">Loading...<\/span><\/div>\t\t\t\t<\/div>\n\t\t\t\t\t<\/div>\n\t\t\t\t<\/div>\n\t\t\t\t<\/div>\n\t\t","protected":false},"excerpt":{"rendered":"<p>Kar\u015f\u0131la\u015ft\u0131rma Loading&#8230;<\/p>\n","protected":false},"author":1,"featured_media":0,"parent":0,"menu_order":0,"comment_status":"closed","ping_status":"closed","template":"elementor_canvas","meta":{"footnotes":""},"class_list":["post-620","page","type-page","status-publish","hentry"],"acf":[],"_links":{"self":[{"href":"https:\/\/onelinagiyim.com\/index.php?rest_route=\/wp\/v2\/pages\/620","targetHints":{"allow":["GET"]}}],"collection":[{"href":"https:\/\/onelinagiyim.com\/index.php?rest_route=\/wp\/v2\/pages"}],"about":[{"href":"https:\/\/onelinagiyim.com\/index.php?rest_route=\/wp\/v2\/types\/page"}],"author":[{"embeddable":true,"href":"https:\/\/onelinagiyim.com\/index.php?rest_route=\/wp\/v2\/users\/1"}],"replies":[{"embeddable":true,"href":"https:\/\/onelinagiyim.com\/index.php?rest_route=%2Fwp%2Fv2%2Fcomments&post=620"}],"version-history":[{"count":4,"href":"https:\/\/onelinagiyim.com\/index.php?rest_route=\/wp\/v2\/pages\/620\/revisions"}],"predecessor-version":[{"id":2165,"href":"https:\/\/onelinagiyim.com\/index.php?rest_route=\/wp\/v2\/pages\/620\/revisions\/2165"}],"wp:attachment":[{"href":"https:\/\/onelinagiyim.com\/index.php?rest_route=%2Fwp%2Fv2%2Fmedia&parent=620"}],"curies":[{"name":"wp","href":"https:\/\/api.w.org\/{rel}","templated":true}]}}