{"id":621,"date":"2024-11-03T19:08:09","date_gmt":"2024-11-03T19:08:09","guid":{"rendered":"https:\/\/demosites.royal-elementor-addons.com\/fashion-v4\/?page_id=621"},"modified":"2025-11-06T19:42:23","modified_gmt":"2025-11-06T19:42:23","slug":"istek-listesi","status":"publish","type":"page","link":"https:\/\/onelinagiyim.com\/?page_id=621","title":{"rendered":"\u0130stek Listesi"},"content":{"rendered":"\t\t<div data-elementor-type=\"wp-page\" data-elementor-id=\"621\" class=\"elementor elementor-621\">\n\t\t\t\t<div class=\"elementor-element elementor-element-b81603c e-flex e-con-boxed wpr-particle-no wpr-jarallax-no wpr-parallax-no wpr-sticky-section-no wpr-equal-height-no e-con e-parent\" data-id=\"b81603c\" data-element_type=\"container\" data-e-type=\"container\">\n\t\t\t\t\t<div class=\"e-con-inner\">\n\t\t\t\t<div class=\"elementor-element elementor-element-9ca06ad elementor-widget elementor-widget-heading\" data-id=\"9ca06ad\" data-element_type=\"widget\" data-e-type=\"widget\" data-widget_type=\"heading.default\">\n\t\t\t\t\t<h2 class=\"elementor-heading-title elementor-size-default\">\u0130stek Listesi<\/h2>\t\t\t\t<\/div>\n\t\t\t\t<div class=\"elementor-element elementor-element-ebb6e98 elementor-widget elementor-widget-wpr-wishlist-pro\" data-id=\"ebb6e98\" data-element_type=\"widget\" data-e-type=\"widget\" data-settings=\"{&quot;element_addcart_simple_txt&quot;:&quot;Sepete Ekle&quot;,&quot;element_addcart_grouped_txt&quot;:&quot;Se\\u00e7enekler&quot;,&quot;element_addcart_variable_txt&quot;:&quot;\\u00dcr\\u00fcnleri G\\u00f6ster&quot;}\" data-widget_type=\"wpr-wishlist-pro.default\">\n\t\t\t\t\t<p class=\"wpr-wishlist-empty\">\u0130stek listesinde \u00fcr\u00fcn bulunamad\u0131<\/p><div class=\"wpr-wishlist-products wpr-wishlist-empty-hidden\" element_addcart_simple_txt=\"Sepete Ekle\" element_addcart_grouped_txt=\"Se\u00e7enekler\" element_addcart_variable_txt=\"\u00dcr\u00fcnleri G\u00f6ster\"><table class=\"wpr-wishlist-table\"><thead><tr><th><\/th><th>Product<\/th><th>Name<\/th><th>Price<\/th><th>Stock Status<\/th><th><\/th><\/tr><\/thead><tbody><\/tbody><\/table><\/div>\t\t\t\t<\/div>\n\t\t\t\t\t<\/div>\n\t\t\t\t<\/div>\n\t\t\t\t<\/div>\n\t\t","protected":false},"excerpt":{"rendered":"<p>\u0130stek Listesi \u0130stek listesinde \u00fcr\u00fcn bulunamad\u0131 Product Name Price Stock Status<\/p>\n","protected":false},"author":1,"featured_media":0,"parent":0,"menu_order":0,"comment_status":"closed","ping_status":"closed","template":"elementor_canvas","meta":{"footnotes":""},"class_list":["post-621","page","type-page","status-publish","hentry"],"acf":[],"_links":{"self":[{"href":"https:\/\/onelinagiyim.com\/index.php?rest_route=\/wp\/v2\/pages\/621","targetHints":{"allow":["GET"]}}],"collection":[{"href":"https:\/\/onelinagiyim.com\/index.php?rest_route=\/wp\/v2\/pages"}],"about":[{"href":"https:\/\/onelinagiyim.com\/index.php?rest_route=\/wp\/v2\/types\/page"}],"author":[{"embeddable":true,"href":"https:\/\/onelinagiyim.com\/index.php?rest_route=\/wp\/v2\/users\/1"}],"replies":[{"embeddable":true,"href":"https:\/\/onelinagiyim.com\/index.php?rest_route=%2Fwp%2Fv2%2Fcomments&post=621"}],"version-history":[{"count":4,"href":"https:\/\/onelinagiyim.com\/index.php?rest_route=\/wp\/v2\/pages\/621\/revisions"}],"predecessor-version":[{"id":2169,"href":"https:\/\/onelinagiyim.com\/index.php?rest_route=\/wp\/v2\/pages\/621\/revisions\/2169"}],"wp:attachment":[{"href":"https:\/\/onelinagiyim.com\/index.php?rest_route=%2Fwp%2Fv2%2Fmedia&parent=621"}],"curies":[{"name":"wp","href":"https:\/\/api.w.org\/{rel}","templated":true}]}}